{"id":634,"date":"2017-09-04T10:39:17","date_gmt":"2017-09-04T08:39:17","guid":{"rendered":"http:\/\/www.public-worxs.com\/baumann_statik\/?page_id=634"},"modified":"2019-03-26T16:15:30","modified_gmt":"2019-03-26T15:15:30","slug":"portrait","status":"publish","type":"page","link":"https:\/\/www.statikbaumann.de\/index.php\/portrait\/","title":{"rendered":"Portrait"},"content":{"rendered":"<p>[vc_row cth_layout=&#8221;monolit_page_sec&#8221; sec_number=&#8221;01&#8243; el_id=&#8221;sec1&#8243;][vc_column width=&#8221;1\/2&#8243;][vc_column_text]<\/p>\n<h2 class=\"section-title dec-title\"><span class=\"no-rep\">Unsere&nbsp;<strong>Geschichte<\/strong><\/span><\/h2>\n<p class=\"no-rep\">Seit 1972 Arbeiten f\u00fcr und im Sinne unserer Kunden. Eine Vita, auf die wir ein klein wenig stolz sind.<\/p>\n<p>[\/vc_column_text][monolit_timelines count=&#8221;6&#8243; order_by=&#8221;title&#8221; order=&#8221;ASC&#8221;][vc_column_text]<\/p>\n<div class=\"custom-link-holder\"><a class=\"btn anim-button\" href=\"https:\/\/www.statikbaumann.de\/index.php\/contact\/\" data-top-bottom=\"transform: translateY(-50px);\" data-bottom-top=\"transform: translateY(50px);\"><span class=\"no-rep\">Kontaktieren Sie uns<\/span><i class=\"fa fa-long-arrow-right\"><\/i><\/a><\/div>\n<div id=\"attachment_881\" style=\"width: 370px\" class=\"wp-caption alignright\"><img aria-describedby=\"caption-attachment-881\" loading=\"lazy\" class=\"wp-image-881\" src=\"https:\/\/www.statikbaumann.de\/wp-content\/uploads\/2017\/09\/Bild-neben-unsere-Geschichte--225x300.jpg\" alt=\"Statik Baumann - Ingenieurb\u00fcro f\u00fcr Statik und Baukonstruktion in Schw\u00e4bisch Hall - Portrait\" width=\"360\" height=\"480\" srcset=\"https:\/\/www.statikbaumann.de\/wp-content\/uploads\/2017\/09\/Bild-neben-unsere-Geschichte--225x300.jpg 225w, https:\/\/www.statikbaumann.de\/wp-content\/uploads\/2017\/09\/Bild-neben-unsere-Geschichte--768x1024.jpg 768w, https:\/\/www.statikbaumann.de\/wp-content\/uploads\/2017\/09\/Bild-neben-unsere-Geschichte-.jpg 1920w\" sizes=\"(max-width: 360px) 100vw, 360px\" \/><p id=\"caption-attachment-881\" class=\"wp-caption-text\">Statik Baumann &#8211; Ingenieurb\u00fcro f\u00fcr Statik und Baukonstruktion in Schw\u00e4bisch Hall &#8211; Portrait<\/p><\/div>\n<p>[\/vc_column_text][\/vc_column][vc_column width=&#8221;1\/2&#8243; css=&#8221;.vc_custom_1513251539735{padding-top: 50px !important;}&#8221;][monolit_parallax_box css=&#8221;.vc_custom_1513251867942{margin-top: 80px !important;}&#8221;][\/monolit_parallax_box][\/vc_column][\/vc_row][vc_row cth_layout=&#8221;monolit_page_dark_sec&#8221; parallax_inner_op=&#8221;0.8&#8243; sec_number=&#8221;02&#8243; sec_number_pos=&#8221;left&#8221; parallax_inner=&#8221;844&#8243; el_id=&#8221;sec2&#8243;][vc_column][vc_row_inner][vc_column_inner offset=&#8221;vc_col-md-4&#8243;][vc_column_text]<\/p>\n<h2 class=\"section-title\">Unsere<br><strong>Kompetenzen<\/strong><\/h2>\n<p>[\/vc_column_text][\/vc_column_inner][vc_column_inner offset=&#8221;vc_col-md-8&#8243;][vc_column_text]Wir bieten Ihnen Tragwerksplanung f\u00fcr alle privaten, gewerblichen und \u00f6ffentlichen Bauvorhaben, sowie Industrie- und Ingenieurbauten an. Profitieren Sie von unseren umfassenden Fachkenntnissen, unserer langj\u00e4hrigen Erfahrung und modernem Equipment.[\/vc_column_text][\/vc_column_inner][\/vc_row_inner][vc_row_inner][vc_column_inner offset=&#8221;vc_col-md-4&#8243;][\/vc_column_inner][vc_column_inner offset=&#8221;vc_col-md-8&#8243;][monolit_piechart values=&#8221;%5B%7B%22description%22%3A%22%3Ch4%3ETragwerksplanung%3C%2Fh4%3E%22%2C%22value%22%3A%22100%22%2C%22pie_unit%22%3A%22%25%22%2C%22parallax_value%22%3A%220%22%2C%22pie_width%22%3A%22col-md-4%22%7D%2C%7B%22description%22%3A%22%3Ch4%3EVerl%C3%A4sslichkeit%3C%2Fh4%3E%22%2C%22value%22%3A%22100%22%2C%22pie_unit%22%3A%22%25%22%2C%22parallax_value%22%3A%220%22%2C%22pie_width%22%3A%22col-md-4%22%7D%2C%7B%22description%22%3A%22%3Ch4%3EIdentifikation%20mit%20den%20zu%20planenden%20Projekten%3C%2Fh4%3E%22%2C%22value%22%3A%22100%22%2C%22pie_unit%22%3A%22%25%22%2C%22parallax_value%22%3A%220%22%2C%22pie_width%22%3A%22col-md-4%22%7D%5D&#8221; pie_color=&#8221;rgba(255,255,255,0.31)&#8221; color=&#8221;rgba(255,255,255,0.31)&#8221;][\/vc_column_inner][\/vc_row_inner][\/vc_column][\/vc_row][vc_row cth_layout=&#8221;monolit_page_sec&#8221; sec_number=&#8221;03&#8243; el_id=&#8221;sec3&#8243;][vc_column][vc_column_text]<\/p>\n<h1>Ihr zuverl\u00e4ssiger Partner<\/h1>\n<p>[\/vc_column_text][\/vc_column][\/vc_row][vc_row][vc_column][vc_column_text]<\/p>\n\n\n<p><\/p>\n\n\n<p>[\/vc_column_text][\/vc_column][\/vc_row][vc_row][vc_column css=&#8221;.vc_custom_1553613221049{margin-top: -30000px !important;}&#8221; offset=&#8221;vc_hidden-sm vc_hidden-xs&#8221;][vc_column_text]<\/p>\n<h2 class=\"section-title\">WILLKOMMEN BEI\u00a0<strong>STATIK BAUMANN<\/strong><\/h2>\n<p>portrait: 1972 wurde das B\u00fcro von dem damals 23 j\u00e4hrigen Hartmut Baumann gegr\u00fcndet.\u00a0In einem gesunden Verh\u00e4ltnis von Auftragslage zu B\u00fcroaufbau wuchs das B\u00fcro Baumann zu einem starken Team mit insgesamt 11 Mitarbeiterinnen und Mitarbeitern heran.<br \/>Seit der Gr\u00fcndung hat das Ingenieurb\u00fcro eine \u00fcberaus positive Entwicklung erfahren und hat sich als kompetentes und zuverl\u00e4ssiges Unternehmen \u00fcber die Landesgrenze hinaus etabliert. Dies resultiert zum einen aus unseren fachlichen Kenntnissen, zum anderen aus der engen und vertrauensvollen Zusammenarbeit mit Bauherren, Architekten, Bauplanern, \u00f6ffentlichen Auftraggebern und Fachingenieuren.<\/p>\n<p>Als Tragwerksplaner im konstruktiven Ingenieurbau haben wir seither eine Vielzahl von Bauvorhaben \u00f6ffentlicher und privater Bauherren realisiert und unser Leistungsbild st\u00e4ndig vertieft und erweitert. Unser Ziel ist es, f\u00fcr die Anforderungen des heutigen Bauens wirtschaftliche L\u00f6sungen zu erarbeiten, gleich ob es sich um einen kleinen Umbau oder einen gro\u00dfen Neubau handelt. Mit unseren erfahrenen Mitarbeiterinnen und Mitarbeitern sind wir in der Lage, anspruchsvolle Projekte auf innovative Weise umzusetzen.<\/p>\n<p>Portrait Statik Baumann Schw\u00e4bisch Hall.<\/p>\n<p>Unseren Erfahrungsschatz aus langj\u00e4hriger Projektarbeit stellen wir Ihnen gerne zur Verf\u00fcgung.<\/p>\n<p>Wir freuen uns auf Sie.<\/p>\n<p>Unser Team \u00fcbernimmt alle Aufgaben, von der Idee bis zur Realisation. Statik Baumann ist Ihr Partner f\u00fcr Tragwerksplanung, Industriebau, Verwaltungsbau, Br\u00fcckenbau und Umbaumassnahmen. Profitieren Sie von unserer umfassenden Kompetenz, langj\u00e4hriger Erfahrung und modernem Equipment.<\/p>\n<p>\u00a0<\/p>\n<p>Unser Team \u00fcbernimmt alle Aufgaben, von der Idee bis zur Realisation. Statik Baumann ist Ihr Partner f\u00fcr Tragwerksplanung f\u00fcr Industriebau, Verwaltungsbau, Br\u00fcckenbau und Umbaumassnahmen. Profitieren Sie von unserer umfassenden Kompetenz, langj\u00e4hriger Erfahrung und modernem Equipment.<\/p>\n<p>Webseite realisiert von <a href=\"http:\/\/www.publikwerk.de\" target=\"_blank\" rel=\"noopener noreferrer\">publikWERK<\/a>.<\/p>\n<p>[\/vc_column_text][\/vc_column][\/vc_row]<\/p>","protected":false},"excerpt":{"rendered":"<p>[vc_row cth_layout=&#8221;monolit_page_sec&#8221; sec_number=&#8221;01&#8243; el_id=&#8221;sec1&#8243;][vc_column width=&#8221;1\/2&#8243;][vc_column_text] Unsere&nbsp;Geschichte Seit 1972 Arbeiten f\u00fcr und im Sinne unserer Kunden. Eine Vita, auf die wir ein klein wenig stolz sind. [\/vc_column_text][monolit_timelines count=&#8221;6&#8243; order_by=&#8221;title&#8221; order=&#8221;ASC&#8221;][vc_column_text] Kontaktieren Sie uns [\/vc_column_text][\/vc_column][vc_column width=&#8221;1\/2&#8243; css=&#8221;.vc_custom_1513251539735{padding-top: 50px !important;}&#8221;][monolit_parallax_box css=&#8221;.vc_custom_1513251867942{margin-top: 80px !important;}&#8221;][\/monolit_parallax_box][\/vc_column][\/vc_row][vc_row cth_layout=&#8221;monolit_page_dark_sec&#8221; parallax_inner_op=&#8221;0.8&#8243; sec_number=&#8221;02&#8243; sec_number_pos=&#8221;left&#8221; parallax_inner=&#8221;844&#8243; el_id=&#8221;sec2&#8243;][vc_column][vc_row_inner][vc_column_inner offset=&#8221;vc_col-md-4&#8243;][vc_column_text] UnsereKompetenzen [\/vc_column_text][\/vc_column_inner][vc_column_inner offset=&#8221;vc_col-md-8&#8243;][vc_column_text]Wir bieten Ihnen Tragwerksplanung f\u00fcr alle [&hellip;]<\/p>\n","protected":false},"author":1,"featured_media":0,"parent":0,"menu_order":0,"comment_status":"closed","ping_status":"closed","template":"page-fullwidth.php","meta":[],"yoast_head":"<!-- This site is optimized with the Yoast SEO plugin v17.7.1 - https:\/\/yoast.com\/wordpress\/plugins\/seo\/ -->\n<title>Portrait - Baumann Statik<\/title>\n<meta name=\"description\" content=\"Portrait - Statik Baumann - Ingenieurb\u00fcro f\u00fcr Statik und Baukonstruktion in Schw\u00e4bisch Hall: Tragwerksplanung, Industriebau, Verwaltungsbau, Br\u00fcckenbau, ...\" \/>\n<meta name=\"robots\" content=\"index, follow, max-snippet:-1, max-image-preview:large, max-video-preview:-1\" \/>\n<link rel=\"canonical\" href=\"https:\/\/www.statikbaumann.de\/index.php\/portrait\/\" \/>\n<meta property=\"og:locale\" content=\"de_DE\" \/>\n<meta property=\"og:type\" content=\"article\" \/>\n<meta property=\"og:title\" content=\"Portrait - Baumann Statik\" \/>\n<meta property=\"og:description\" content=\"Portrait - Statik Baumann - Ingenieurb\u00fcro f\u00fcr Statik und Baukonstruktion in Schw\u00e4bisch Hall: Tragwerksplanung, Industriebau, Verwaltungsbau, Br\u00fcckenbau, ...\" \/>\n<meta property=\"og:url\" content=\"https:\/\/www.statikbaumann.de\/index.php\/portrait\/\" \/>\n<meta property=\"og:site_name\" content=\"Baumann Statik\" \/>\n<meta property=\"article:modified_time\" content=\"2019-03-26T15:15:30+00:00\" \/>\n<meta property=\"og:image\" content=\"https:\/\/www.statikbaumann.de\/wp-content\/uploads\/2017\/09\/Bild-neben-unsere-Geschichte--225x300.jpg\" \/>\n<meta name=\"twitter:card\" content=\"summary_large_image\" \/>\n<meta name=\"twitter:label1\" content=\"Gesch\u00e4tzte Lesezeit\" \/>\n\t<meta name=\"twitter:data1\" content=\"3\u00a0Minuten\" \/>\n<script type=\"application\/ld+json\" class=\"yoast-schema-graph\">{\"@context\":\"https:\/\/schema.org\",\"@graph\":[{\"@type\":\"WebSite\",\"@id\":\"https:\/\/www.statikbaumann.de\/#website\",\"url\":\"https:\/\/www.statikbaumann.de\/\",\"name\":\"Baumann Statik\",\"description\":\"Ingenieurb\\u00fcro f\\u00fcr Statik und Baukonstruktion\",\"potentialAction\":[{\"@type\":\"SearchAction\",\"target\":{\"@type\":\"EntryPoint\",\"urlTemplate\":\"https:\/\/www.statikbaumann.de\/?s={search_term_string}\"},\"query-input\":\"required name=search_term_string\"}],\"inLanguage\":\"de\"},{\"@type\":\"ImageObject\",\"@id\":\"https:\/\/www.statikbaumann.de\/index.php\/portrait\/#primaryimage\",\"inLanguage\":\"de\",\"url\":\"https:\/\/www.statikbaumann.de\/wp-content\/uploads\/2017\/09\/Bild-neben-unsere-Geschichte-.jpg\",\"contentUrl\":\"https:\/\/www.statikbaumann.de\/wp-content\/uploads\/2017\/09\/Bild-neben-unsere-Geschichte-.jpg\",\"width\":1920,\"height\":2560,\"caption\":\"Statik Baumann - Ingenieurb\\u00fcro f\\u00fcr Statik und Baukonstruktion in Schw\\u00e4bisch Hall\"},{\"@type\":\"WebPage\",\"@id\":\"https:\/\/www.statikbaumann.de\/index.php\/portrait\/#webpage\",\"url\":\"https:\/\/www.statikbaumann.de\/index.php\/portrait\/\",\"name\":\"Portrait - Baumann Statik\",\"isPartOf\":{\"@id\":\"https:\/\/www.statikbaumann.de\/#website\"},\"primaryImageOfPage\":{\"@id\":\"https:\/\/www.statikbaumann.de\/index.php\/portrait\/#primaryimage\"},\"datePublished\":\"2017-09-04T08:39:17+00:00\",\"dateModified\":\"2019-03-26T15:15:30+00:00\",\"description\":\"Portrait - Statik Baumann - Ingenieurb\\u00fcro f\\u00fcr Statik und Baukonstruktion in Schw\\u00e4bisch Hall: Tragwerksplanung, Industriebau, Verwaltungsbau, Br\\u00fcckenbau, ...\",\"breadcrumb\":{\"@id\":\"https:\/\/www.statikbaumann.de\/index.php\/portrait\/#breadcrumb\"},\"inLanguage\":\"de\",\"potentialAction\":[{\"@type\":\"ReadAction\",\"target\":[\"https:\/\/www.statikbaumann.de\/index.php\/portrait\/\"]}]},{\"@type\":\"BreadcrumbList\",\"@id\":\"https:\/\/www.statikbaumann.de\/index.php\/portrait\/#breadcrumb\",\"itemListElement\":[{\"@type\":\"ListItem\",\"position\":1,\"name\":\"Startseite\",\"item\":\"https:\/\/www.statikbaumann.de\/\"},{\"@type\":\"ListItem\",\"position\":2,\"name\":\"Portrait\"}]}]}<\/script>\n<!-- \/ Yoast SEO plugin. -->","yoast_head_json":{"title":"Portrait - Baumann Statik","description":"Portrait - Statik Baumann - Ingenieurb\u00fcro f\u00fcr Statik und Baukonstruktion in Schw\u00e4bisch Hall: Tragwerksplanung, Industriebau, Verwaltungsbau, Br\u00fcckenbau, ...","robots":{"index":"index","follow":"follow","max-snippet":"max-snippet:-1","max-image-preview":"max-image-preview:large","max-video-preview":"max-video-preview:-1"},"canonical":"https:\/\/www.statikbaumann.de\/index.php\/portrait\/","og_locale":"de_DE","og_type":"article","og_title":"Portrait - Baumann Statik","og_description":"Portrait - Statik Baumann - Ingenieurb\u00fcro f\u00fcr Statik und Baukonstruktion in Schw\u00e4bisch Hall: Tragwerksplanung, Industriebau, Verwaltungsbau, Br\u00fcckenbau, ...","og_url":"https:\/\/www.statikbaumann.de\/index.php\/portrait\/","og_site_name":"Baumann Statik","article_modified_time":"2019-03-26T15:15:30+00:00","og_image":[{"url":"https:\/\/www.statikbaumann.de\/wp-content\/uploads\/2017\/09\/Bild-neben-unsere-Geschichte--225x300.jpg"}],"twitter_card":"summary_large_image","twitter_misc":{"Gesch\u00e4tzte Lesezeit":"3\u00a0Minuten"},"schema":{"@context":"https:\/\/schema.org","@graph":[{"@type":"WebSite","@id":"https:\/\/www.statikbaumann.de\/#website","url":"https:\/\/www.statikbaumann.de\/","name":"Baumann Statik","description":"Ingenieurb\u00fcro f\u00fcr Statik und Baukonstruktion","potentialAction":[{"@type":"SearchAction","target":{"@type":"EntryPoint","urlTemplate":"https:\/\/www.statikbaumann.de\/?s={search_term_string}"},"query-input":"required name=search_term_string"}],"inLanguage":"de"},{"@type":"ImageObject","@id":"https:\/\/www.statikbaumann.de\/index.php\/portrait\/#primaryimage","inLanguage":"de","url":"https:\/\/www.statikbaumann.de\/wp-content\/uploads\/2017\/09\/Bild-neben-unsere-Geschichte-.jpg","contentUrl":"https:\/\/www.statikbaumann.de\/wp-content\/uploads\/2017\/09\/Bild-neben-unsere-Geschichte-.jpg","width":1920,"height":2560,"caption":"Statik Baumann - Ingenieurb\u00fcro f\u00fcr Statik und Baukonstruktion in Schw\u00e4bisch Hall"},{"@type":"WebPage","@id":"https:\/\/www.statikbaumann.de\/index.php\/portrait\/#webpage","url":"https:\/\/www.statikbaumann.de\/index.php\/portrait\/","name":"Portrait - Baumann Statik","isPartOf":{"@id":"https:\/\/www.statikbaumann.de\/#website"},"primaryImageOfPage":{"@id":"https:\/\/www.statikbaumann.de\/index.php\/portrait\/#primaryimage"},"datePublished":"2017-09-04T08:39:17+00:00","dateModified":"2019-03-26T15:15:30+00:00","description":"Portrait - Statik Baumann - Ingenieurb\u00fcro f\u00fcr Statik und Baukonstruktion in Schw\u00e4bisch Hall: Tragwerksplanung, Industriebau, Verwaltungsbau, Br\u00fcckenbau, ...","breadcrumb":{"@id":"https:\/\/www.statikbaumann.de\/index.php\/portrait\/#breadcrumb"},"inLanguage":"de","potentialAction":[{"@type":"ReadAction","target":["https:\/\/www.statikbaumann.de\/index.php\/portrait\/"]}]},{"@type":"BreadcrumbList","@id":"https:\/\/www.statikbaumann.de\/index.php\/portrait\/#breadcrumb","itemListElement":[{"@type":"ListItem","position":1,"name":"Startseite","item":"https:\/\/www.statikbaumann.de\/"},{"@type":"ListItem","position":2,"name":"Portrait"}]}]}},"_links":{"self":[{"href":"https:\/\/www.statikbaumann.de\/index.php\/wp-json\/wp\/v2\/pages\/634"}],"collection":[{"href":"https:\/\/www.statikbaumann.de\/index.php\/wp-json\/wp\/v2\/pages"}],"about":[{"href":"https:\/\/www.statikbaumann.de\/index.php\/wp-json\/wp\/v2\/types\/page"}],"author":[{"embeddable":true,"href":"https:\/\/www.statikbaumann.de\/index.php\/wp-json\/wp\/v2\/users\/1"}],"replies":[{"embeddable":true,"href":"https:\/\/www.statikbaumann.de\/index.php\/wp-json\/wp\/v2\/comments?post=634"}],"version-history":[{"count":38,"href":"https:\/\/www.statikbaumann.de\/index.php\/wp-json\/wp\/v2\/pages\/634\/revisions"}],"predecessor-version":[{"id":1336,"href":"https:\/\/www.statikbaumann.de\/index.php\/wp-json\/wp\/v2\/pages\/634\/revisions\/1336"}],"wp:attachment":[{"href":"https:\/\/www.statikbaumann.de\/index.php\/wp-json\/wp\/v2\/media?parent=634"}],"curies":[{"name":"wp","href":"https:\/\/api.w.org\/{rel}","templated":true}]}}