{"id":362,"date":"2016-03-06T15:27:18","date_gmt":"2016-03-06T15:27:18","guid":{"rendered":"http:\/\/demowp.cththemes.net\/monolit\/?page_id=362"},"modified":"2019-03-26T16:40:41","modified_gmt":"2019-03-26T15:40:41","slug":"referenzen","status":"publish","type":"page","link":"https:\/\/www.statikbaumann.de\/index.php\/referenzen\/","title":{"rendered":"Unsere Referenzen"},"content":{"rendered":"<p>[vc_row][vc_column][vc_column_text]<\/p>\n<div class=\"custom-link-holder\"><a class=\"btn anim-button\" href=\"https:\/\/www.statikbaumann.de\/index.php\/contact\/\" data-top-bottom=\"transform: translateY(-50px);\" data-bottom-top=\"transform: translateY(50px);\"><span class=\"no-rep\">Kontaktieren Sie uns<\/span><i class=\"fa fa-long-arrow-right\"><\/i><\/a><\/div>\n<p>[\/vc_column_text][\/vc_column][\/vc_row][vc_row][vc_column css=&#8221;.vc_custom_1553614498486{margin-top: -30000px !important;}&#8221; offset=&#8221;vc_hidden-sm vc_hidden-xs&#8221;][vc_column_text]<\/p>\n<div class=\"custom-link-holder\">\n<div class=\"wpb_column vc_column_container vc_col-sm-12 vc_col-md-4\">\n<div class=\"vc_column-inner \">\n<div class=\"wpb_wrapper\">\n<div class=\"parallax-box slider-box skrollable skrollable-between\" data-top-bottom=\"transform: translateY(-150px);\" data-bottom-top=\"transform: translateY(150px);\">\n<div class=\"single-slider-holder \" data-looped=\"0\">\n<div class=\"customNavigation ssn\"><\/div>\n<\/div>\n<\/div>\n<\/div>\n<\/div>\n<\/div>\n<div class=\"wpb_column vc_column_container vc_col-sm-12 vc_col-md-8\">\n<div class=\"vc_column-inner \">\n<div class=\"wpb_wrapper\">\n<div class=\"wpb_text_column wpb_content_element \">\n<div class=\"wpb_wrapper\">\n<h2 class=\"section-title\">WILLKOMMEN BEI\u00a0<strong>STATIK BAUMANN<\/strong><\/h2>\n<p>1972 wurde das B\u00fcro von dem damals 23 j\u00e4hrigen Hartmut Baumann gegr\u00fcndet.\u00a0In einem gesunden Verh\u00e4ltnis von Auftragslage zu B\u00fcroaufbau wuchs das B\u00fcro Baumann zu einem starken Team mit insgesamt 11 Mitarbeiterinnen und Mitarbeitern heran.<br \/>\nSeit der Gr\u00fcndung hat das Ingenieurb\u00fcro eine \u00fcberaus positive Entwicklung erfahren und hat sich als kompetentes und zuverl\u00e4ssiges Unternehmen \u00fcber die Landesgrenze hinaus etabliert. Dies resultiert zum einen aus unseren fachlichen Kenntnissen, zum anderen aus der engen und vertrauensvollen Zusammenarbeit mit Bauherren, Architekten, Bauplanern, \u00f6ffentlichen Auftraggebern und Fachingenieuren.<\/p>\n<p>Als Tragwerksplaner im konstruktiven Ingenieurbau haben wir seither eine Vielzahl von Bauvorhaben \u00f6ffentlicher und privater Bauherren realisiert und unser Leistungsbild st\u00e4ndig vertieft und erweitert. Unser Ziel ist es, f\u00fcr die Anforderungen des heutigen Bauens wirtschaftliche L\u00f6sungen zu erarbeiten, gleich ob es sich um einen kleinen Umbau oder einen gro\u00dfen Neubau handelt. Mit unseren erfahrenen Mitarbeiterinnen und Mitarbeitern sind wir in der Lage, anspruchsvolle Projekte auf innovative Weise umzusetzen.<\/p>\n<p>Unseren Erfahrungsschatz aus langj\u00e4hriger Projektarbeit stellen wir Ihnen gerne zur Verf\u00fcgung.<\/p>\n<p>Wir freuen uns auf Sie.Unser Team \u00fcbernimmt alle Aufgaben, von der Idee bis zur Realisation. Statik Baumann ist Ihr Partner f\u00fcr Tragwerksplanung, Industriebau, Verwaltungsbau, Br\u00fcckenbau und Umbaumassnahmen. Profitieren Sie von unserer umfassenden Kompetenz, langj\u00e4hriger Erfahrung und modernem Equipment.<\/p>\n<div id=\"attachment_857\" style=\"width: 310px\" class=\"wp-caption alignnone\"><img aria-describedby=\"caption-attachment-857\" loading=\"lazy\" class=\"wp-image-857 size-medium\" src=\"https:\/\/www.statikbaumann.de\/wp-content\/uploads\/2017\/09\/Dachkonstruktionsplan_t_5-300x206.jpg\" alt=\"Statik Baumann - Ingenieurb\u00fcro f\u00fcr Statik und Baukonstruktion in Schw\u00e4bisch Hall - Referenzen\" width=\"300\" height=\"206\" srcset=\"https:\/\/www.statikbaumann.de\/wp-content\/uploads\/2017\/09\/Dachkonstruktionsplan_t_5-300x206.jpg 300w, https:\/\/www.statikbaumann.de\/wp-content\/uploads\/2017\/09\/Dachkonstruktionsplan_t_5-768x527.jpg 768w, https:\/\/www.statikbaumann.de\/wp-content\/uploads\/2017\/09\/Dachkonstruktionsplan_t_5-1024x702.jpg 1024w, https:\/\/www.statikbaumann.de\/wp-content\/uploads\/2017\/09\/Dachkonstruktionsplan_t_5.jpg 1200w\" sizes=\"(max-width: 300px) 100vw, 300px\" \/><p id=\"caption-attachment-857\" class=\"wp-caption-text\">Statik Baumann &#8211; Ingenieurb\u00fcro f\u00fcr Statik und Baukonstruktion in Schw\u00e4bisch Hall &#8211; Referenzen<\/p><\/div>\n<p>Webseite realisiert von<a href=\"http:\/\/www.publikwerk.de\"> publikWERK<\/a>:<\/p>\n<\/div>\n<\/div>\n<\/div>\n<\/div>\n<\/div>\n<\/div>\n<p>[\/vc_column_text][\/vc_column][\/vc_row]<\/p>\n","protected":false},"excerpt":{"rendered":"<p>[vc_row][vc_column][vc_column_text] Kontaktieren Sie uns [\/vc_column_text][\/vc_column][\/vc_row][vc_row][vc_column css=&#8221;.vc_custom_1553614498486{margin-top: -30000px !important;}&#8221; offset=&#8221;vc_hidden-sm vc_hidden-xs&#8221;][vc_column_text] WILLKOMMEN BEI\u00a0STATIK BAUMANN 1972 wurde das B\u00fcro von dem damals 23 j\u00e4hrigen Hartmut Baumann gegr\u00fcndet.\u00a0In einem gesunden Verh\u00e4ltnis von Auftragslage zu B\u00fcroaufbau wuchs das B\u00fcro Baumann zu einem starken Team mit insgesamt 11 Mitarbeiterinnen und Mitarbeitern heran. Seit der Gr\u00fcndung hat das Ingenieurb\u00fcro eine \u00fcberaus [&hellip;]<\/p>\n","protected":false},"author":1,"featured_media":0,"parent":0,"menu_order":0,"comment_status":"closed","ping_status":"closed","template":"portfolio-vertical.php","meta":[],"yoast_head":"<!-- This site is optimized with the Yoast SEO plugin v17.7.1 - https:\/\/yoast.com\/wordpress\/plugins\/seo\/ -->\n<title>Unsere Referenzen - Baumann Statik<\/title>\n<meta name=\"description\" content=\"Referenzen - Statik Baumann - Ingenieurb\u00fcro f\u00fcr Statik und Baukonstruktion in Schw\u00e4bisch Hall: Tragwerksplanung, Industriebau, Verwaltungsbau, Br\u00fcckenbau, ...\" \/>\n<meta name=\"robots\" content=\"index, follow, max-snippet:-1, max-image-preview:large, max-video-preview:-1\" \/>\n<link rel=\"canonical\" href=\"https:\/\/www.statikbaumann.de\/index.php\/referenzen\/\" \/>\n<meta property=\"og:locale\" content=\"de_DE\" \/>\n<meta property=\"og:type\" content=\"article\" \/>\n<meta property=\"og:title\" content=\"Unsere Referenzen - Baumann Statik\" \/>\n<meta property=\"og:description\" content=\"Referenzen - Statik Baumann - Ingenieurb\u00fcro f\u00fcr Statik und Baukonstruktion in Schw\u00e4bisch Hall: Tragwerksplanung, Industriebau, Verwaltungsbau, Br\u00fcckenbau, ...\" \/>\n<meta property=\"og:url\" content=\"https:\/\/www.statikbaumann.de\/index.php\/referenzen\/\" \/>\n<meta property=\"og:site_name\" content=\"Baumann Statik\" \/>\n<meta property=\"article:modified_time\" content=\"2019-03-26T15:40:41+00:00\" \/>\n<meta property=\"og:image\" content=\"https:\/\/www.statikbaumann.de\/wp-content\/uploads\/2017\/09\/Dachkonstruktionsplan_t_5-300x206.jpg\" \/>\n<meta name=\"twitter:card\" content=\"summary_large_image\" \/>\n<meta name=\"twitter:label1\" content=\"Gesch\u00e4tzte Lesezeit\" \/>\n\t<meta name=\"twitter:data1\" content=\"1\u00a0Minute\" \/>\n<script type=\"application\/ld+json\" class=\"yoast-schema-graph\">{\"@context\":\"https:\/\/schema.org\",\"@graph\":[{\"@type\":\"WebSite\",\"@id\":\"https:\/\/www.statikbaumann.de\/#website\",\"url\":\"https:\/\/www.statikbaumann.de\/\",\"name\":\"Baumann Statik\",\"description\":\"Ingenieurb\\u00fcro f\\u00fcr Statik und Baukonstruktion\",\"potentialAction\":[{\"@type\":\"SearchAction\",\"target\":{\"@type\":\"EntryPoint\",\"urlTemplate\":\"https:\/\/www.statikbaumann.de\/?s={search_term_string}\"},\"query-input\":\"required name=search_term_string\"}],\"inLanguage\":\"de\"},{\"@type\":\"ImageObject\",\"@id\":\"https:\/\/www.statikbaumann.de\/index.php\/referenzen\/#primaryimage\",\"inLanguage\":\"de\",\"url\":\"https:\/\/www.statikbaumann.de\/wp-content\/uploads\/2017\/09\/Dachkonstruktionsplan_t_5.jpg\",\"contentUrl\":\"https:\/\/www.statikbaumann.de\/wp-content\/uploads\/2017\/09\/Dachkonstruktionsplan_t_5.jpg\",\"width\":1200,\"height\":823,\"caption\":\"Statik Baumann - Ingenieurb\\u00fcro f\\u00fcr Statik und Baukonstruktion in Schw\\u00e4bisch Hall\"},{\"@type\":\"WebPage\",\"@id\":\"https:\/\/www.statikbaumann.de\/index.php\/referenzen\/#webpage\",\"url\":\"https:\/\/www.statikbaumann.de\/index.php\/referenzen\/\",\"name\":\"Unsere Referenzen - Baumann Statik\",\"isPartOf\":{\"@id\":\"https:\/\/www.statikbaumann.de\/#website\"},\"primaryImageOfPage\":{\"@id\":\"https:\/\/www.statikbaumann.de\/index.php\/referenzen\/#primaryimage\"},\"datePublished\":\"2016-03-06T15:27:18+00:00\",\"dateModified\":\"2019-03-26T15:40:41+00:00\",\"description\":\"Referenzen - Statik Baumann - Ingenieurb\\u00fcro f\\u00fcr Statik und Baukonstruktion in Schw\\u00e4bisch Hall: Tragwerksplanung, Industriebau, Verwaltungsbau, Br\\u00fcckenbau, ...\",\"breadcrumb\":{\"@id\":\"https:\/\/www.statikbaumann.de\/index.php\/referenzen\/#breadcrumb\"},\"inLanguage\":\"de\",\"potentialAction\":[{\"@type\":\"ReadAction\",\"target\":[\"https:\/\/www.statikbaumann.de\/index.php\/referenzen\/\"]}]},{\"@type\":\"BreadcrumbList\",\"@id\":\"https:\/\/www.statikbaumann.de\/index.php\/referenzen\/#breadcrumb\",\"itemListElement\":[{\"@type\":\"ListItem\",\"position\":1,\"name\":\"Startseite\",\"item\":\"https:\/\/www.statikbaumann.de\/\"},{\"@type\":\"ListItem\",\"position\":2,\"name\":\"Unsere Referenzen\"}]}]}<\/script>\n<!-- \/ Yoast SEO plugin. -->","yoast_head_json":{"title":"Unsere Referenzen - Baumann Statik","description":"Referenzen - Statik Baumann - Ingenieurb\u00fcro f\u00fcr Statik und Baukonstruktion in Schw\u00e4bisch Hall: Tragwerksplanung, Industriebau, Verwaltungsbau, Br\u00fcckenbau, ...","robots":{"index":"index","follow":"follow","max-snippet":"max-snippet:-1","max-image-preview":"max-image-preview:large","max-video-preview":"max-video-preview:-1"},"canonical":"https:\/\/www.statikbaumann.de\/index.php\/referenzen\/","og_locale":"de_DE","og_type":"article","og_title":"Unsere Referenzen - Baumann Statik","og_description":"Referenzen - Statik Baumann - Ingenieurb\u00fcro f\u00fcr Statik und Baukonstruktion in Schw\u00e4bisch Hall: Tragwerksplanung, Industriebau, Verwaltungsbau, Br\u00fcckenbau, ...","og_url":"https:\/\/www.statikbaumann.de\/index.php\/referenzen\/","og_site_name":"Baumann Statik","article_modified_time":"2019-03-26T15:40:41+00:00","og_image":[{"url":"https:\/\/www.statikbaumann.de\/wp-content\/uploads\/2017\/09\/Dachkonstruktionsplan_t_5-300x206.jpg"}],"twitter_card":"summary_large_image","twitter_misc":{"Gesch\u00e4tzte Lesezeit":"1\u00a0Minute"},"schema":{"@context":"https:\/\/schema.org","@graph":[{"@type":"WebSite","@id":"https:\/\/www.statikbaumann.de\/#website","url":"https:\/\/www.statikbaumann.de\/","name":"Baumann Statik","description":"Ingenieurb\u00fcro f\u00fcr Statik und Baukonstruktion","potentialAction":[{"@type":"SearchAction","target":{"@type":"EntryPoint","urlTemplate":"https:\/\/www.statikbaumann.de\/?s={search_term_string}"},"query-input":"required name=search_term_string"}],"inLanguage":"de"},{"@type":"ImageObject","@id":"https:\/\/www.statikbaumann.de\/index.php\/referenzen\/#primaryimage","inLanguage":"de","url":"https:\/\/www.statikbaumann.de\/wp-content\/uploads\/2017\/09\/Dachkonstruktionsplan_t_5.jpg","contentUrl":"https:\/\/www.statikbaumann.de\/wp-content\/uploads\/2017\/09\/Dachkonstruktionsplan_t_5.jpg","width":1200,"height":823,"caption":"Statik Baumann - Ingenieurb\u00fcro f\u00fcr Statik und Baukonstruktion in Schw\u00e4bisch Hall"},{"@type":"WebPage","@id":"https:\/\/www.statikbaumann.de\/index.php\/referenzen\/#webpage","url":"https:\/\/www.statikbaumann.de\/index.php\/referenzen\/","name":"Unsere Referenzen - Baumann Statik","isPartOf":{"@id":"https:\/\/www.statikbaumann.de\/#website"},"primaryImageOfPage":{"@id":"https:\/\/www.statikbaumann.de\/index.php\/referenzen\/#primaryimage"},"datePublished":"2016-03-06T15:27:18+00:00","dateModified":"2019-03-26T15:40:41+00:00","description":"Referenzen - Statik Baumann - Ingenieurb\u00fcro f\u00fcr Statik und Baukonstruktion in Schw\u00e4bisch Hall: Tragwerksplanung, Industriebau, Verwaltungsbau, Br\u00fcckenbau, ...","breadcrumb":{"@id":"https:\/\/www.statikbaumann.de\/index.php\/referenzen\/#breadcrumb"},"inLanguage":"de","potentialAction":[{"@type":"ReadAction","target":["https:\/\/www.statikbaumann.de\/index.php\/referenzen\/"]}]},{"@type":"BreadcrumbList","@id":"https:\/\/www.statikbaumann.de\/index.php\/referenzen\/#breadcrumb","itemListElement":[{"@type":"ListItem","position":1,"name":"Startseite","item":"https:\/\/www.statikbaumann.de\/"},{"@type":"ListItem","position":2,"name":"Unsere Referenzen"}]}]}},"_links":{"self":[{"href":"https:\/\/www.statikbaumann.de\/index.php\/wp-json\/wp\/v2\/pages\/362"}],"collection":[{"href":"https:\/\/www.statikbaumann.de\/index.php\/wp-json\/wp\/v2\/pages"}],"about":[{"href":"https:\/\/www.statikbaumann.de\/index.php\/wp-json\/wp\/v2\/types\/page"}],"author":[{"embeddable":true,"href":"https:\/\/www.statikbaumann.de\/index.php\/wp-json\/wp\/v2\/users\/1"}],"replies":[{"embeddable":true,"href":"https:\/\/www.statikbaumann.de\/index.php\/wp-json\/wp\/v2\/comments?post=362"}],"version-history":[{"count":8,"href":"https:\/\/www.statikbaumann.de\/index.php\/wp-json\/wp\/v2\/pages\/362\/revisions"}],"predecessor-version":[{"id":1350,"href":"https:\/\/www.statikbaumann.de\/index.php\/wp-json\/wp\/v2\/pages\/362\/revisions\/1350"}],"wp:attachment":[{"href":"https:\/\/www.statikbaumann.de\/index.php\/wp-json\/wp\/v2\/media?parent=362"}],"curies":[{"name":"wp","href":"https:\/\/api.w.org\/{rel}","templated":true}]}}